{"id":3846,"date":"2018-07-18T18:39:08","date_gmt":"2018-07-18T18:39:08","guid":{"rendered":"http:\/\/memtronik.com\/?page_id=3846"},"modified":"2024-07-24T21:27:02","modified_gmt":"2024-07-24T21:27:02","slug":"politique-de-confidentialite-memtronik","status":"publish","type":"page","link":"https:\/\/www.memtronik.com\/fr\/politique-de-confidentialite-memtronik\/","title":{"rendered":"Politique de confidentialit\u00e9 &#8211; Memtronik"},"content":{"rendered":"<p>[et_pb_section bb_built=\u00a0\u00bb1&Prime; _builder_version=\u00a0\u00bb3.9&Prime; module_class=\u00a0\u00bbpolicy\u00a0\u00bb][et_pb_row _builder_version=\u00a0\u00bb3.0.48&Prime; background_size=\u00a0\u00bbinitial\u00a0\u00bb background_position=\u00a0\u00bbtop_left\u00a0\u00bb background_repeat=\u00a0\u00bbrepeat\u00a0\u00bb][et_pb_column type=\u00a0\u00bb4_4&Prime;][et_pb_text admin_label=\u00a0\u00bbPolitique de confidentialit\u00e9 &#8211; Memtronik\u00a0\u00bb _builder_version=\u00a0\u00bb3.9&Prime;]<\/p>\n<h1>Politique de confidentialit\u00e9 &#8211; Memtronik<\/h1>\n<p>[\/et_pb_text][et_pb_text _builder_version=\u00a0\u00bb3.9&Prime;]<\/p>\n<p>Cette Politique d\u00e9montre l\u2019engagement de Memtronik relativement \u00e0 la protection de la vie priv\u00e9e. Elle fait \u00e9tat des pratiques de la soci\u00e9t\u00e9 concernant la collecte et la divulgation de renseignements personnels de son site Web.<\/p>\n<ol>\n<li><strong> Aucune collecte de renseignements personnels lors de la navigation.&nbsp;<\/strong>Memtronik ne recueille pas de renseignements personnels \u00e0 votre sujet lors de votre navigation sur le site \u00e0 moins que vous commandiez de la documentation par courriel ou par t\u00e9l\u00e9chargement, envoyiez un courriel \u00e0 Memtronik ou que vous vous inscriviez volontairement \u00e0 un service sp\u00e9cifique qui vous demande de donner de tels renseignements.\n<\/li>\n<li><strong> Renseignements requis.&nbsp;<\/strong>Afin de vous permettre d\u2019obtenir de l\u2019information, de vous abonner \u00e0 certains services, Memtronik requiert certains renseignements personnels qui peuvent inclure votre nom, adresse de courrier \u00e9lectronique, code postal, etc. Vous pouvez modifier en tout temps les informations et les pr\u00e9f\u00e9rences de votre profil d\u2019utilisateur en envoyant un courriel \u00e0&nbsp;<a href=\"mailto:customer.service@memtronik.com\">customer.service@memtronik.com.&nbsp;<\/a>Vous proc\u00e9dez de la m\u00eame fa\u00e7on si vous d\u00e9sirez r\u00e9viser les renseignements fournis \u00e0 Memtronik, ou demander \u00e0 Memtronik de d\u00e9truire ces renseignements ou cesser de les utiliser.<\/li>\n<\/ol>\n<ol start=\"3\">\n<li><strong> Non-divulgation des renseignements personnels.&nbsp;<\/strong>Memtronik ne divulgue pas les renseignements personnels recueillis sur son site Web \u00e0 des tiers \u00e0 moins que Memtronik obtienne votre autorisation de le faire. De plus, Memtronik ne commercialise pas la liste d\u2019utilisateurs de son site Web. Seuls les mandataires ou agents de Memtronik qui s\u2019occupent de la gestion et du d\u00e9veloppement du site Web ont acc\u00e8s aux renseignements qui y sont recueillis. Aussi, certains employ\u00e9s de Memtronik auront acc\u00e8s \u00e0 vos renseignements personnels afin de r\u00e9pondre \u00e0 vos besoins et vous fournir de l\u2019information concernant des produits ou services sp\u00e9cifiques. Ces employ\u00e9s, mandataires ou agents ont re\u00e7u instruction de respecter la pr\u00e9sente Politique relative \u00e0 la confidentialit\u00e9 et ont sign\u00e9 un engagement de confidentialit\u00e9 \u00e0 cet effet.\n<\/li>\n<li><strong> Autres renseignements obtenus \u00e0 des fins statistiques.&nbsp;<\/strong>D\u00e8s que vous acc\u00e9dez au site Web de Memtronik, certaines informations sont recueillies automatiquement mais aucune de ces informations ne vous identifient personnellement. Elles comprennent notamment le nom de domaine et l\u2019adresse IP avec lesquels vous acc\u00e9dez au site Web de Memtronik ainsi que le type de navigateur et le syst\u00e8me d\u2019exploitation que vous utilisez. Memtronik utilise ces informations \u00e0 des fins statistiques pour analyser l\u2019affluence \u00e0 son site Web et ainsi lui permettre de l\u2019am\u00e9liorer.\n<\/li>\n<li><strong> T\u00e9moins.&nbsp;<\/strong>Memtronik utilise des \u00ab t\u00e9moins \u00bb (<em>cookies<\/em>). Les \u00ab t\u00e9moins \u00bb sont de petits fichiers textes qui s\u2019ins\u00e8rent dans votre disque dur \u00e0 partir du site Web de Memtronik. Les \u00ab t\u00e9moins \u00bb permettent \u00e0 Memtronik de reconna\u00eetre votre navigateur Web lorsque vous consultez le site Web de Memtronik. Les \u00ab t\u00e9moins \u00bb sont notamment utilis\u00e9s pour aider Memtronik \u00e0 offrir un meilleur service en permettant la personnalisation du contenu du site Web. Vous pouvez choisir en tout temps de ne plus \u00eatre assujetti aux \u00ab t\u00e9moins \u00bb en modifiant la configuration de votre navigateur Web.\n<\/li>\n<li><strong> Liens vers d\u2019autres sites.&nbsp;<\/strong>Ce site Web peut contenir des hyperliens permettant aux utilisateurs de visiter d\u2019autres sites exploit\u00e9s par d\u2019autres entreprises. Memtronik n\u2019a aucun contr\u00f4le sur ces sites et n\u2019engage d\u2019aucune fa\u00e7on sa responsabilit\u00e9 en les r\u00e9pertoriant sur son site. Toute information que vous transmettrez \u00e0 ces sites sera sujette aux politiques de confidentialit\u00e9 de ces sites.\n<\/li>\n<li><strong> S\u00e9curit\u00e9.&nbsp;<\/strong>Des mesures de s\u00e9curit\u00e9 sont prises afin de prot\u00e9ger la perte, l\u2019interception ou l\u2019alt\u00e9ration de l\u2019information sous le contr\u00f4le de Memtronik. Bien que des efforts soient d\u00e9ploy\u00e9s par Memtronik pour s\u2019assurer qu\u2019un tiers ne consultera ni n\u2019obtiendra des renseignements personnels vous concernant par l\u2019interm\u00e9diaire de ce site Web, une confidentialit\u00e9 et s\u00e9curit\u00e9 compl\u00e8tes ne sont pas \u00e0 ce jour garanties sur Internet. Les communications par le biais d\u2019Internet sont sujettes \u00e0 interception, perte ou alt\u00e9ration. Vous reconnaissez et consentez \u00e0 ce que Memtronik ne soit pas tenue responsable pour les dommages r\u00e9sultant de la transmission d\u2019information confidentielle ou de renseignements personnels par l\u2019interm\u00e9diaire d\u2019Internet et que de telles communications sont faites \u00e0 vos propres risques.\n<\/li>\n<li><strong> Consentement.&nbsp;<\/strong>&nbsp;naviguant sur le site Web de Memtronik, vous consentez, sans r\u00e9serve, \u00e0 l\u2019application de la pr\u00e9sente Politique relative \u00e0 la confidentialit\u00e9.<\/li>\n<\/ol>\n<p>Pour toute question ou commentaire concernant la pr\u00e9sente Politique relative \u00e0 la confidentialit\u00e9, nous vous prions de communiquer avec nous \u00e0 l\u2019adresse suivante :&nbsp;<a href=\"mailto:customer.service@memtronik.com\">customer.service@memtronik.com<\/a><\/p>\n<p>[\/et_pb_text][\/et_pb_column][\/et_pb_row][\/et_pb_section]<\/p>\n","protected":false},"excerpt":{"rendered":"<p>Politique de confidentialit\u00e9 &#8211; Memtronik Cette Politique d\u00e9montre l\u2019engagement de Memtronik relativement \u00e0 la protection de la vie priv\u00e9e. Elle fait \u00e9tat des pratiques de la soci\u00e9t\u00e9 concernant la collecte et la divulgation de renseignements personnels de son site Web. Aucune collecte de renseignements personnels lors de la navigation.&nbsp;Memtronik ne recueille pas de renseignements personnels [&hellip;]<\/p>\n","protected":false},"author":12,"featured_media":0,"parent":0,"menu_order":43,"comment_status":"closed","ping_status":"closed","template":"","meta":{"_et_pb_use_builder":"on","_et_pb_old_content":"","_et_gb_content_width":"","footnotes":""},"class_list":["post-3846","page","type-page","status-publish","hentry"],"yoast_head":"<!-- This site is optimized with the Yoast SEO plugin v27.4 - https:\/\/yoast.com\/product\/yoast-seo-wordpress\/ -->\n<title>Politique de confidentialit\u00e9 - Memtronik - Memtronik<\/title>\n<meta name=\"description\" content=\"Prenez connaissance de la politique de confidentialit\u00e9 de Memtronik. Pour la protection de vos donn\u00e9es personnelles et notre engagement en mati\u00e8re de confidentialit\u00e9.\" \/>\n<meta name=\"robots\" content=\"index, follow, max-snippet:-1, max-image-preview:large, max-video-preview:-1\" \/>\n<link rel=\"canonical\" href=\"https:\/\/www.memtronik.com\/fr\/politique-de-confidentialite-memtronik\/\" \/>\n<meta property=\"og:locale\" content=\"fr_FR\" \/>\n<meta property=\"og:type\" content=\"article\" \/>\n<meta property=\"og:title\" content=\"Politique de confidentialit\u00e9 - Memtronik - Memtronik\" \/>\n<meta property=\"og:description\" content=\"Prenez connaissance de la politique de confidentialit\u00e9 de Memtronik. Pour la protection de vos donn\u00e9es personnelles et notre engagement en mati\u00e8re de confidentialit\u00e9.\" \/>\n<meta property=\"og:url\" content=\"https:\/\/www.memtronik.com\/fr\/politique-de-confidentialite-memtronik\/\" \/>\n<meta property=\"og:site_name\" content=\"Memtronik\" \/>\n<meta property=\"article:modified_time\" content=\"2024-07-24T21:27:02+00:00\" \/>\n<meta property=\"og:image\" content=\"https:\/\/www.memtronik.com\/wp-content\/uploads\/2016\/10\/LOGO_MEMTRONIK_rvb-signature.png\" \/>\n\t<meta property=\"og:image:width\" content=\"1500\" \/>\n\t<meta property=\"og:image:height\" content=\"1500\" \/>\n\t<meta property=\"og:image:type\" content=\"image\/png\" \/>\n<meta name=\"twitter:card\" content=\"summary_large_image\" \/>\n<meta name=\"twitter:label1\" content=\"Dur\u00e9e de lecture estim\u00e9e\" \/>\n\t<meta name=\"twitter:data1\" content=\"4 minutes\" \/>\n<script type=\"application\/ld+json\" class=\"yoast-schema-graph\">{\"@context\":\"https:\\\/\\\/schema.org\",\"@graph\":[{\"@type\":\"WebPage\",\"@id\":\"https:\\\/\\\/www.memtronik.com\\\/fr\\\/politique-de-confidentialite-memtronik\\\/\",\"url\":\"https:\\\/\\\/www.memtronik.com\\\/fr\\\/politique-de-confidentialite-memtronik\\\/\",\"name\":\"Politique de confidentialit\u00e9 - Memtronik - Memtronik\",\"isPartOf\":{\"@id\":\"https:\\\/\\\/www.memtronik.com\\\/fr\\\/#website\"},\"datePublished\":\"2018-07-18T18:39:08+00:00\",\"dateModified\":\"2024-07-24T21:27:02+00:00\",\"description\":\"Prenez connaissance de la politique de confidentialit\u00e9 de Memtronik. Pour la protection de vos donn\u00e9es personnelles et notre engagement en mati\u00e8re de confidentialit\u00e9.\",\"breadcrumb\":{\"@id\":\"https:\\\/\\\/www.memtronik.com\\\/fr\\\/politique-de-confidentialite-memtronik\\\/#breadcrumb\"},\"inLanguage\":\"fr-FR\",\"potentialAction\":[{\"@type\":\"ReadAction\",\"target\":[\"https:\\\/\\\/www.memtronik.com\\\/fr\\\/politique-de-confidentialite-memtronik\\\/\"]}]},{\"@type\":\"BreadcrumbList\",\"@id\":\"https:\\\/\\\/www.memtronik.com\\\/fr\\\/politique-de-confidentialite-memtronik\\\/#breadcrumb\",\"itemListElement\":[{\"@type\":\"ListItem\",\"position\":1,\"name\":\"Accueil\",\"item\":\"https:\\\/\\\/www.memtronik.com\\\/fr\\\/\"},{\"@type\":\"ListItem\",\"position\":2,\"name\":\"Politique de confidentialit\u00e9 &#8211; Memtronik\"}]},{\"@type\":\"WebSite\",\"@id\":\"https:\\\/\\\/www.memtronik.com\\\/fr\\\/#website\",\"url\":\"https:\\\/\\\/www.memtronik.com\\\/fr\\\/\",\"name\":\"Memtronik\",\"description\":\"Just another WordPress site\",\"potentialAction\":[{\"@type\":\"SearchAction\",\"target\":{\"@type\":\"EntryPoint\",\"urlTemplate\":\"https:\\\/\\\/www.memtronik.com\\\/fr\\\/?s={search_term_string}\"},\"query-input\":{\"@type\":\"PropertyValueSpecification\",\"valueRequired\":true,\"valueName\":\"search_term_string\"}}],\"inLanguage\":\"fr-FR\"}]}<\/script>\n<!-- \/ Yoast SEO plugin. -->","yoast_head_json":{"title":"Politique de confidentialit\u00e9 - Memtronik - Memtronik","description":"Prenez connaissance de la politique de confidentialit\u00e9 de Memtronik. Pour la protection de vos donn\u00e9es personnelles et notre engagement en mati\u00e8re de confidentialit\u00e9.","robots":{"index":"index","follow":"follow","max-snippet":"max-snippet:-1","max-image-preview":"max-image-preview:large","max-video-preview":"max-video-preview:-1"},"canonical":"https:\/\/www.memtronik.com\/fr\/politique-de-confidentialite-memtronik\/","og_locale":"fr_FR","og_type":"article","og_title":"Politique de confidentialit\u00e9 - Memtronik - Memtronik","og_description":"Prenez connaissance de la politique de confidentialit\u00e9 de Memtronik. Pour la protection de vos donn\u00e9es personnelles et notre engagement en mati\u00e8re de confidentialit\u00e9.","og_url":"https:\/\/www.memtronik.com\/fr\/politique-de-confidentialite-memtronik\/","og_site_name":"Memtronik","article_modified_time":"2024-07-24T21:27:02+00:00","og_image":[{"width":1500,"height":1500,"url":"https:\/\/www.memtronik.com\/wp-content\/uploads\/2016\/10\/LOGO_MEMTRONIK_rvb-signature.png","type":"image\/png"}],"twitter_card":"summary_large_image","twitter_misc":{"Dur\u00e9e de lecture estim\u00e9e":"4 minutes"},"schema":{"@context":"https:\/\/schema.org","@graph":[{"@type":"WebPage","@id":"https:\/\/www.memtronik.com\/fr\/politique-de-confidentialite-memtronik\/","url":"https:\/\/www.memtronik.com\/fr\/politique-de-confidentialite-memtronik\/","name":"Politique de confidentialit\u00e9 - Memtronik - Memtronik","isPartOf":{"@id":"https:\/\/www.memtronik.com\/fr\/#website"},"datePublished":"2018-07-18T18:39:08+00:00","dateModified":"2024-07-24T21:27:02+00:00","description":"Prenez connaissance de la politique de confidentialit\u00e9 de Memtronik. Pour la protection de vos donn\u00e9es personnelles et notre engagement en mati\u00e8re de confidentialit\u00e9.","breadcrumb":{"@id":"https:\/\/www.memtronik.com\/fr\/politique-de-confidentialite-memtronik\/#breadcrumb"},"inLanguage":"fr-FR","potentialAction":[{"@type":"ReadAction","target":["https:\/\/www.memtronik.com\/fr\/politique-de-confidentialite-memtronik\/"]}]},{"@type":"BreadcrumbList","@id":"https:\/\/www.memtronik.com\/fr\/politique-de-confidentialite-memtronik\/#breadcrumb","itemListElement":[{"@type":"ListItem","position":1,"name":"Accueil","item":"https:\/\/www.memtronik.com\/fr\/"},{"@type":"ListItem","position":2,"name":"Politique de confidentialit\u00e9 &#8211; Memtronik"}]},{"@type":"WebSite","@id":"https:\/\/www.memtronik.com\/fr\/#website","url":"https:\/\/www.memtronik.com\/fr\/","name":"Memtronik","description":"Just another WordPress site","potentialAction":[{"@type":"SearchAction","target":{"@type":"EntryPoint","urlTemplate":"https:\/\/www.memtronik.com\/fr\/?s={search_term_string}"},"query-input":{"@type":"PropertyValueSpecification","valueRequired":true,"valueName":"search_term_string"}}],"inLanguage":"fr-FR"}]}},"_links":{"self":[{"href":"https:\/\/www.memtronik.com\/fr\/wp-json\/wp\/v2\/pages\/3846","targetHints":{"allow":["GET"]}}],"collection":[{"href":"https:\/\/www.memtronik.com\/fr\/wp-json\/wp\/v2\/pages"}],"about":[{"href":"https:\/\/www.memtronik.com\/fr\/wp-json\/wp\/v2\/types\/page"}],"author":[{"embeddable":true,"href":"https:\/\/www.memtronik.com\/fr\/wp-json\/wp\/v2\/users\/12"}],"replies":[{"embeddable":true,"href":"https:\/\/www.memtronik.com\/fr\/wp-json\/wp\/v2\/comments?post=3846"}],"version-history":[{"count":0,"href":"https:\/\/www.memtronik.com\/fr\/wp-json\/wp\/v2\/pages\/3846\/revisions"}],"wp:attachment":[{"href":"https:\/\/www.memtronik.com\/fr\/wp-json\/wp\/v2\/media?parent=3846"}],"curies":[{"name":"wp","href":"https:\/\/api.w.org\/{rel}","templated":true}]}}